{"id":131,"date":"2020-05-02T10:32:19","date_gmt":"2020-05-02T08:32:19","guid":{"rendered":"http:\/\/artrans-krasnik.pl\/?page_id=131"},"modified":"2023-05-07T18:27:02","modified_gmt":"2023-05-07T16:27:02","slug":"rozklady","status":"publish","type":"page","link":"https:\/\/artrans-krasnik.pl\/?page_id=131","title":{"rendered":"Rozk\u0142ady"},"content":{"rendered":"\n<p><a href=\"https:\/\/artrans-krasnik.pl\/?page_id=241\">Linia: Kra\u015bnik Fabr.- Annopol przez Ksi\u0119\u017comierz<\/a><\/p>\n\n\n\n<p><a href=\"https:\/\/artrans-krasnik.pl\/?page_id=135\">Linia: Kra\u015bnik Fabr. \u2013 Sosnowa Wola<\/a><\/p>\n\n\n\n<p><a href=\"https:\/\/artrans-krasnik.pl\/?page_id=137\">Linia: Kra\u015bnik ul. Narutowicza- Trzydnik Du\u017cy<\/a><\/p>\n\n\n\n<p><\/p>\n","protected":false},"excerpt":{"rendered":"<p>Linia: Kra\u015bnik Fabr.- Annopol przez Ksi\u0119\u017comierz Linia: Kra\u015bnik Fabr. \u2013 Sosnowa Wola Linia: Kra\u015bnik ul. Narutowicza- Trzydnik Du\u017cy<\/p>\n","protected":false},"author":1,"featured_media":0,"parent":0,"menu_order":0,"comment_status":"closed","ping_status":"closed","template":"","meta":{"footnotes":""},"class_list":["post-131","page","type-page","status-publish","hentry"],"_links":{"self":[{"href":"https:\/\/artrans-krasnik.pl\/index.php?rest_route=\/wp\/v2\/pages\/131","targetHints":{"allow":["GET"]}}],"collection":[{"href":"https:\/\/artrans-krasnik.pl\/index.php?rest_route=\/wp\/v2\/pages"}],"about":[{"href":"https:\/\/artrans-krasnik.pl\/index.php?rest_route=\/wp\/v2\/types\/page"}],"author":[{"embeddable":true,"href":"https:\/\/artrans-krasnik.pl\/index.php?rest_route=\/wp\/v2\/users\/1"}],"replies":[{"embeddable":true,"href":"https:\/\/artrans-krasnik.pl\/index.php?rest_route=%2Fwp%2Fv2%2Fcomments&post=131"}],"version-history":[{"count":7,"href":"https:\/\/artrans-krasnik.pl\/index.php?rest_route=\/wp\/v2\/pages\/131\/revisions"}],"predecessor-version":[{"id":540,"href":"https:\/\/artrans-krasnik.pl\/index.php?rest_route=\/wp\/v2\/pages\/131\/revisions\/540"}],"wp:attachment":[{"href":"https:\/\/artrans-krasnik.pl\/index.php?rest_route=%2Fwp%2Fv2%2Fmedia&parent=131"}],"curies":[{"name":"wp","href":"https:\/\/api.w.org\/{rel}","templated":true}]}}