{"id":135,"date":"2020-05-02T10:33:59","date_gmt":"2020-05-02T08:33:59","guid":{"rendered":"http:\/\/artrans-krasnik.pl\/?page_id=135"},"modified":"2023-05-07T18:27:48","modified_gmt":"2023-05-07T16:27:48","slug":"linia-krasnik-fabr-sosnowa-wola","status":"publish","type":"page","link":"https:\/\/artrans-krasnik.pl\/?page_id=135","title":{"rendered":"Linia: Kra\u015bnik Fabr. &#8211; Sosnowa Wola"},"content":{"rendered":"\n<h3 class=\"wp-block-heading\"><strong>Odjazdy z Kra\u015bnika Fabrycznego:<\/strong><\/h3>\n\n\n\n<p class=\"has-medium-font-size\"><strong>6.00F&nbsp; <\/strong>6.25C&nbsp; <strong>6.56F <\/strong><strong>&nbsp;<\/strong>7.25C &nbsp;8.25FC&nbsp;&nbsp;9.25F&nbsp;10.25FC &nbsp;11.25FC&nbsp;<\/p>\n\n\n\n<p class=\"has-medium-font-size\">12.25F \u00a013.25FC\u00a0 14.25F \u00a0\u00a015.25F \u00a016.25F\u00a0 17.25F<\/p>\n\n\n\n<h3 class=\"wp-block-heading\"><strong>Odjazdy z Sosnowej Woli:<\/strong><\/h3>\n\n\n\n<p class=\"has-text-align-left has-medium-font-size\"><strong>6.30F\u00a0 <\/strong>6.50C  <strong>7.20F\u00a0 <\/strong>7.50C \u00a08.50FC\u00a0\u00a09.50F \u00a010.50FC \u00a011.50FC\u00a0\u00a0<br>12.50F \u00a013.50FC\u00a0 14.50F 15.50F 16.50F 17.50F<\/p>\n\n\n\n<p class=\"has-medium-font-size\">F &#8211; KURSUJE W DNI ROBOCZE OD PONIEDZIA\u0141KU DO PI\u0104TKU<\/p>\n\n\n\n<p class=\"has-medium-font-size\">&nbsp;C \u2013 KURSUJE W SOBOTY, NIEDZIELE i \u015aWI\u0118TA &nbsp;<\/p>\n\n\n\n<p class=\"has-medium-font-size\">Nie kursuje w pierwszy dzie\u0144 \u015awi\u0105t Wielkanocnych, 25.12 i 01.01<\/p>\n\n\n\n<p class=\"has-normal-font-size\">  <br><\/p>\n\n\n\n<p><\/p>\n\n\n\n<p><\/p>\n","protected":false},"excerpt":{"rendered":"<p>Odjazdy z Kra\u015bnika Fabrycznego: 6.00F&nbsp; 6.25C&nbsp; 6.56F &nbsp;7.25C &nbsp;8.25FC&nbsp;&nbsp;9.25F&nbsp;10.25FC &nbsp;11.25FC&nbsp; 12.25F \u00a013.25FC\u00a0 14.25F \u00a0\u00a015.25F \u00a016.25F\u00a0 17.25F Odjazdy z Sosnowej Woli: 6.30F\u00a0 6.50C 7.20F\u00a0 7.50C \u00a08.50FC\u00a0\u00a09.50F \u00a010.50FC \u00a011.50FC\u00a0\u00a012.50F \u00a013.50FC\u00a0 14.50F 15.50F 16.50F 17.50F F &#8211; KURSUJE W DNI ROBOCZE OD PONIEDZIA\u0141KU DO PI\u0104TKU &nbsp;C \u2013 KURSUJE W SOBOTY, NIEDZIELE i \u015aWI\u0118TA&#8230; <a class=\"continue-reading-link\" href=\"https:\/\/artrans-krasnik.pl\/?page_id=135\">Czytaj dalej <span class=\"meta-nav\">&rarr; <\/span><\/a><\/p>\n","protected":false},"author":1,"featured_media":0,"parent":0,"menu_order":0,"comment_status":"closed","ping_status":"closed","template":"","meta":{"footnotes":""},"class_list":["post-135","page","type-page","status-publish","hentry"],"_links":{"self":[{"href":"https:\/\/artrans-krasnik.pl\/index.php?rest_route=\/wp\/v2\/pages\/135","targetHints":{"allow":["GET"]}}],"collection":[{"href":"https:\/\/artrans-krasnik.pl\/index.php?rest_route=\/wp\/v2\/pages"}],"about":[{"href":"https:\/\/artrans-krasnik.pl\/index.php?rest_route=\/wp\/v2\/types\/page"}],"author":[{"embeddable":true,"href":"https:\/\/artrans-krasnik.pl\/index.php?rest_route=\/wp\/v2\/users\/1"}],"replies":[{"embeddable":true,"href":"https:\/\/artrans-krasnik.pl\/index.php?rest_route=%2Fwp%2Fv2%2Fcomments&post=135"}],"version-history":[{"count":18,"href":"https:\/\/artrans-krasnik.pl\/index.php?rest_route=\/wp\/v2\/pages\/135\/revisions"}],"predecessor-version":[{"id":542,"href":"https:\/\/artrans-krasnik.pl\/index.php?rest_route=\/wp\/v2\/pages\/135\/revisions\/542"}],"wp:attachment":[{"href":"https:\/\/artrans-krasnik.pl\/index.php?rest_route=%2Fwp%2Fv2%2Fmedia&parent=135"}],"curies":[{"name":"wp","href":"https:\/\/api.w.org\/{rel}","templated":true}]}}