{"id":137,"date":"2020-05-02T10:34:27","date_gmt":"2020-05-02T08:34:27","guid":{"rendered":"http:\/\/artrans-krasnik.pl\/?page_id=137"},"modified":"2020-10-12T22:12:00","modified_gmt":"2020-10-12T20:12:00","slug":"linia-krasnik-ul-narutowicza-trzydnik-duzy","status":"publish","type":"page","link":"https:\/\/artrans-krasnik.pl\/?page_id=137","title":{"rendered":"Linia: Kra\u015bnik ul. Narutowicza- Trzydnik Du\u017cy"},"content":{"rendered":"\n<h3 class=\"has-text-align-left wp-block-heading\"><strong>Kra\u015bnik \u2013 Rzeczyca Ziemia\u0144ska &#8211; Trzydnik Du\u017cy<\/strong><\/h3>\n\n\n\n<p class=\"has-medium-font-size\">6.35 8.30 10.05 11.50 13.20 15.15 16.50<\/p>\n\n\n\n<h3 class=\"wp-block-heading\"><strong>Rzeczyca Ziemia\u0144ska \u2013 \u0141ych\u00f3w \u2013 Trzydnik Du\u017cy<\/strong><\/h3>\n\n\n\n<p class=\"has-medium-font-size\">6.55 8.50 10.25 12.10 13.40 15.35 17.10<\/p>\n\n\n\n<div style=\"height:80px\" aria-hidden=\"true\" class=\"wp-block-spacer\"><\/div>\n\n\n\n<h3 class=\"wp-block-heading\"><strong>Trzydnik Du\u017cy \u2013 Rzeczyca Ziemia\u0144ska &#8211; Kra\u015bnik<\/strong><\/h3>\n\n\n\n<p class=\"has-medium-font-size\">5.57 <strong>6.55F<\/strong> 7.30 9.10 10.50 12.30 14.20 16.00 17.35<\/p>\n\n\n\n<h3 class=\"wp-block-heading\"><strong>Rzeczyca Ziemia\u0144ska \u2013 Kra\u015bnik<\/strong><\/h3>\n\n\n\n<p class=\"has-medium-font-size\">6.13 <strong>7.11F<\/strong> 7.48 9.28 11.08 12.48 14.38 16.18 17.53<\/p>\n\n\n\n<p><strong>KURSUJE OD PONIEDZIA\u0141KU DO PI\u0104TKU<\/strong><br><strong>F &#8211; KURSUJE DO KRA\u015aNIKA FABRYCZNEGO<\/strong><\/p>\n\n\n\n<p><\/p>\n","protected":false},"excerpt":{"rendered":"<p>Kra\u015bnik \u2013 Rzeczyca Ziemia\u0144ska &#8211; Trzydnik Du\u017cy 6.35 8.30 10.05 11.50 13.20 15.15 16.50 Rzeczyca Ziemia\u0144ska \u2013 \u0141ych\u00f3w \u2013 Trzydnik Du\u017cy 6.55 8.50 10.25 12.10 13.40 15.35 17.10 Trzydnik Du\u017cy \u2013 Rzeczyca Ziemia\u0144ska &#8211; Kra\u015bnik 5.57 6.55F 7.30 9.10 10.50 12.30 14.20 16.00 17.35 Rzeczyca Ziemia\u0144ska \u2013 Kra\u015bnik 6.13 7.11F&#8230; <a class=\"continue-reading-link\" href=\"https:\/\/artrans-krasnik.pl\/?page_id=137\">Czytaj dalej <span class=\"meta-nav\">&rarr; <\/span><\/a><\/p>\n","protected":false},"author":1,"featured_media":0,"parent":0,"menu_order":0,"comment_status":"closed","ping_status":"closed","template":"","meta":{"footnotes":""},"class_list":["post-137","page","type-page","status-publish","hentry"],"_links":{"self":[{"href":"https:\/\/artrans-krasnik.pl\/index.php?rest_route=\/wp\/v2\/pages\/137","targetHints":{"allow":["GET"]}}],"collection":[{"href":"https:\/\/artrans-krasnik.pl\/index.php?rest_route=\/wp\/v2\/pages"}],"about":[{"href":"https:\/\/artrans-krasnik.pl\/index.php?rest_route=\/wp\/v2\/types\/page"}],"author":[{"embeddable":true,"href":"https:\/\/artrans-krasnik.pl\/index.php?rest_route=\/wp\/v2\/users\/1"}],"replies":[{"embeddable":true,"href":"https:\/\/artrans-krasnik.pl\/index.php?rest_route=%2Fwp%2Fv2%2Fcomments&post=137"}],"version-history":[{"count":12,"href":"https:\/\/artrans-krasnik.pl\/index.php?rest_route=\/wp\/v2\/pages\/137\/revisions"}],"predecessor-version":[{"id":447,"href":"https:\/\/artrans-krasnik.pl\/index.php?rest_route=\/wp\/v2\/pages\/137\/revisions\/447"}],"wp:attachment":[{"href":"https:\/\/artrans-krasnik.pl\/index.php?rest_route=%2Fwp%2Fv2%2Fmedia&parent=137"}],"curies":[{"name":"wp","href":"https:\/\/api.w.org\/{rel}","templated":true}]}}