{"id":2,"date":"2020-05-02T09:17:43","date_gmt":"2020-05-02T07:17:43","guid":{"rendered":"http:\/\/artrans-krasnik.pl\/?page_id=2"},"modified":"2020-05-02T10:18:04","modified_gmt":"2020-05-02T08:18:04","slug":"przykladowa-strona","status":"publish","type":"page","link":"https:\/\/artrans-krasnik.pl\/?page_id=2","title":{"rendered":"O firmie"},"content":{"rendered":"\n<p>Firma transportowa AR-TRANS istnieje od 1998 roku. Jest dynamicznie rozwijaj\u0105cym si\u0119 przedsi\u0119biorstwem posiadaj\u0105cym licencj\u0119 krajow\u0105 i mi\u0119dzynarodow\u0105 na przew\u00f3z os\u00f3b. Obs\u0142ugujemy linie regularne oraz \u015bwiadczymy us\u0142ugi dla os\u00f3b indywidualnych, firm prywatnych, pa\u0144stwowych, szk\u00f3\u0142, biur podr\u00f3\u017cy, agencji turystycznych.<\/p>\n\n\n\n<p>Firma dysponuje wysokiej jako\u015bci flota, w sk\u0142ad kt\u00f3rej wchodz\u0105 busy i autokary (od 18 do 56 miejsc).<\/p>\n\n\n\n<p>Zapraszamy do korzystania z us\u0142ug naszej firmy.<\/p>\n\n\n\n<p class=\"has-text-align-right\">Z powa\u017caniem<\/p>\n\n\n\n<p class=\"has-text-align-right\">Andrzej Rozmuszcz<\/p>\n","protected":false},"excerpt":{"rendered":"<p>Firma transportowa AR-TRANS istnieje od 1998 roku. Jest dynamicznie rozwijaj\u0105cym si\u0119 przedsi\u0119biorstwem posiadaj\u0105cym licencj\u0119 krajow\u0105 i mi\u0119dzynarodow\u0105 na przew\u00f3z os\u00f3b. Obs\u0142ugujemy linie regularne oraz \u015bwiadczymy us\u0142ugi dla os\u00f3b indywidualnych, firm prywatnych, pa\u0144stwowych, szk\u00f3\u0142, biur podr\u00f3\u017cy, agencji turystycznych. Firma dysponuje wysokiej jako\u015bci flota, w sk\u0142ad kt\u00f3rej wchodz\u0105 busy i autokary (od&#8230; <a class=\"continue-reading-link\" href=\"https:\/\/artrans-krasnik.pl\/?page_id=2\">Czytaj dalej <span class=\"meta-nav\">&rarr; <\/span><\/a><\/p>\n","protected":false},"author":1,"featured_media":0,"parent":0,"menu_order":0,"comment_status":"closed","ping_status":"open","template":"","meta":{"footnotes":""},"class_list":["post-2","page","type-page","status-publish","hentry"],"_links":{"self":[{"href":"https:\/\/artrans-krasnik.pl\/index.php?rest_route=\/wp\/v2\/pages\/2","targetHints":{"allow":["GET"]}}],"collection":[{"href":"https:\/\/artrans-krasnik.pl\/index.php?rest_route=\/wp\/v2\/pages"}],"about":[{"href":"https:\/\/artrans-krasnik.pl\/index.php?rest_route=\/wp\/v2\/types\/page"}],"author":[{"embeddable":true,"href":"https:\/\/artrans-krasnik.pl\/index.php?rest_route=\/wp\/v2\/users\/1"}],"replies":[{"embeddable":true,"href":"https:\/\/artrans-krasnik.pl\/index.php?rest_route=%2Fwp%2Fv2%2Fcomments&post=2"}],"version-history":[{"count":3,"href":"https:\/\/artrans-krasnik.pl\/index.php?rest_route=\/wp\/v2\/pages\/2\/revisions"}],"predecessor-version":[{"id":123,"href":"https:\/\/artrans-krasnik.pl\/index.php?rest_route=\/wp\/v2\/pages\/2\/revisions\/123"}],"wp:attachment":[{"href":"https:\/\/artrans-krasnik.pl\/index.php?rest_route=%2Fwp%2Fv2%2Fmedia&parent=2"}],"curies":[{"name":"wp","href":"https:\/\/api.w.org\/{rel}","templated":true}]}}