{"id":241,"date":"2020-05-27T18:00:29","date_gmt":"2020-05-27T16:00:29","guid":{"rendered":"http:\/\/artrans-krasnik.pl\/?page_id=241"},"modified":"2021-05-23T22:20:07","modified_gmt":"2021-05-23T20:20:07","slug":"linia-krasnik-fabr-annopol-przez-ksiezomierz-2","status":"publish","type":"page","link":"https:\/\/artrans-krasnik.pl\/?page_id=241","title":{"rendered":"Linia: Kra\u015bnik Fabr.- Annopol przez Ksi\u0119\u017comierz"},"content":{"rendered":"\n<h3 class=\"wp-block-heading\"><strong>Odjazdy z Kra\u015bnika Fabrycznego:<\/strong><\/h3>\n\n\n\n<p class=\"has-medium-font-size\">6.05S 7.10F 9.10FG 11.40F 13.35F 14.35S 15.35FG 17.10F <\/p>\n\n\n\n<h3 class=\"wp-block-heading\"><strong>Odjazdy z Annopola:<\/strong><\/h3>\n\n\n\n<p class=\"has-medium-font-size\">6.05FG 7.10S 7.55F 10.15FG 12.30F 14.20F 15.20S 16.25F 18.00F<\/p>\n\n\n\n<p class=\"has-normal-font-size\">G &#8211; KURS PRZEZ GRAB\u00d3WK\u0118<br>F &#8211; KURSUJE W DNI ROBOCZE OD PONIEDZIA\u0141KU DO PI\u0104TKU<\/p>\n\n\n\n<p class=\"has-normal-font-size\">S-KURSUJE W DNI NAUKI SZKOLNEJ<br><\/p>\n\n\n\n<p class=\"has-normal-font-size\"><\/p>\n","protected":false},"excerpt":{"rendered":"<p>Odjazdy z Kra\u015bnika Fabrycznego: 6.05S 7.10F 9.10FG 11.40F 13.35F 14.35S 15.35FG 17.10F Odjazdy z Annopola: 6.05FG 7.10S 7.55F 10.15FG 12.30F 14.20F 15.20S 16.25F 18.00F G &#8211; KURS PRZEZ GRAB\u00d3WK\u0118F &#8211; KURSUJE W DNI ROBOCZE OD PONIEDZIA\u0141KU DO PI\u0104TKU S-KURSUJE W DNI NAUKI SZKOLNEJ<\/p>\n","protected":false},"author":2,"featured_media":0,"parent":0,"menu_order":0,"comment_status":"closed","ping_status":"closed","template":"","meta":{"footnotes":""},"class_list":["post-241","page","type-page","status-publish","hentry"],"_links":{"self":[{"href":"https:\/\/artrans-krasnik.pl\/index.php?rest_route=\/wp\/v2\/pages\/241","targetHints":{"allow":["GET"]}}],"collection":[{"href":"https:\/\/artrans-krasnik.pl\/index.php?rest_route=\/wp\/v2\/pages"}],"about":[{"href":"https:\/\/artrans-krasnik.pl\/index.php?rest_route=\/wp\/v2\/types\/page"}],"author":[{"embeddable":true,"href":"https:\/\/artrans-krasnik.pl\/index.php?rest_route=\/wp\/v2\/users\/2"}],"replies":[{"embeddable":true,"href":"https:\/\/artrans-krasnik.pl\/index.php?rest_route=%2Fwp%2Fv2%2Fcomments&post=241"}],"version-history":[{"count":9,"href":"https:\/\/artrans-krasnik.pl\/index.php?rest_route=\/wp\/v2\/pages\/241\/revisions"}],"predecessor-version":[{"id":469,"href":"https:\/\/artrans-krasnik.pl\/index.php?rest_route=\/wp\/v2\/pages\/241\/revisions\/469"}],"wp:attachment":[{"href":"https:\/\/artrans-krasnik.pl\/index.php?rest_route=%2Fwp%2Fv2%2Fmedia&parent=241"}],"curies":[{"name":"wp","href":"https:\/\/api.w.org\/{rel}","templated":true}]}}